{"id":2,"date":"2023-06-26T15:44:06","date_gmt":"2023-06-26T15:44:06","guid":{"rendered":"https:\/\/web.rkinformatika.net\/iracheriguerobadiola\/?page_id=2"},"modified":"2024-08-19T14:33:38","modified_gmt":"2024-08-19T14:33:38","slug":"inicio","status":"publish","type":"page","link":"https:\/\/iracheriguerobadiola.com\/pt\/","title":{"rendered":"Inicio"},"content":{"rendered":"<div data-elementor-type=\"wp-page\" data-elementor-id=\"2\" class=\"elementor elementor-2\" data-elementor-post-type=\"page\">\n\t\t\t\t\t\t<section class=\"elementor-section elementor-top-section elementor-element elementor-element-128eeeba elementor-section-full_width elementor-section-height-default elementor-section-height-default\" data-id=\"128eeeba\" data-element_type=\"section\" data-e-type=\"section\" data-settings=\"{&quot;background_background&quot;:&quot;classic&quot;,&quot;shape_divider_bottom&quot;:&quot;waves&quot;}\">\n\t\t\t\t\t<div class=\"elementor-shape elementor-shape-bottom\" aria-hidden=\"true\" data-negative=\"false\">\n\t\t\t<svg xmlns=\"http:\/\/www.w3.org\/2000\/svg\" viewbox=\"0 0 1000 100\" preserveaspectratio=\"none\">\n\t<path class=\"elementor-shape-fill\" d=\"M421.9,6.5c22.6-2.5,51.5,0.4,75.5,5.3c23.6,4.9,70.9,23.5,100.5,35.7c75.8,32.2,133.7,44.5,192.6,49.7\tc23.6,2.1,48.7,3.5,103.4-2.5c54.7-6,106.2-25.6,106.2-25.6V0H0v30.3c0,0,72,32.6,158.4,30.5c39.2-0.7,92.8-6.7,134-22.4\tc21.2-8.1,52.2-18.2,79.7-24.2C399.3,7.9,411.6,7.5,421.9,6.5z\"\/>\n<\/svg>\t\t<\/div>\n\t\t\t\t\t<div class=\"elementor-container elementor-column-gap-default\">\n\t\t\t\t\t<div class=\"elementor-column elementor-col-100 elementor-top-column elementor-element elementor-element-2e55f44\" data-id=\"2e55f44\" data-element_type=\"column\" data-e-type=\"column\">\n\t\t\t<div class=\"elementor-widget-wrap\">\n\t\t\t\t\t\t\t<\/div>\n\t\t<\/div>\n\t\t\t\t\t<\/div>\n\t\t<\/section>\n\t\t\t\t<section class=\"elementor-section elementor-top-section elementor-element elementor-element-4f8173cd elementor-section-boxed elementor-section-height-default elementor-section-height-default\" data-id=\"4f8173cd\" data-element_type=\"section\" data-e-type=\"section\">\n\t\t\t\t\t\t<div class=\"elementor-container elementor-column-gap-extended\">\n\t\t\t\t\t<div class=\"elementor-column elementor-col-50 elementor-top-column elementor-element elementor-element-435f0a55\" data-id=\"435f0a55\" data-element_type=\"column\" data-e-type=\"column\">\n\t\t\t<div class=\"elementor-widget-wrap elementor-element-populated\">\n\t\t\t\t\t\t<div class=\"elementor-element elementor-element-c04809d elementor-vertical-align-middle elementor-widget elementor-widget-image-box\" data-id=\"c04809d\" data-element_type=\"widget\" data-e-type=\"widget\" data-widget_type=\"image-box.default\">\n\t\t\t\t<div class=\"elementor-widget-container\">\n\t\t\t\t\t<div class=\"elementor-image-box-wrapper\"><div class=\"elementor-image-box-content\"><p class=\"elementor-image-box-title\">SOLU\u00c7\u00d5ES PARA SUAS NECESSIDADES<\/p><\/div><\/div>\t\t\t\t<\/div>\n\t\t\t\t<\/div>\n\t\t\t\t<div class=\"elementor-element elementor-element-3dd53d79 elementor-widget elementor-widget-heading\" data-id=\"3dd53d79\" data-element_type=\"widget\" data-e-type=\"widget\" data-widget_type=\"heading.default\">\n\t\t\t\t<div class=\"elementor-widget-container\">\n\t\t\t\t\t<h1 class=\"elementor-heading-title elementor-size-default\">Porque escolher-nos <\/h1>\t\t\t\t<\/div>\n\t\t\t\t<\/div>\n\t\t\t\t<div class=\"elementor-element elementor-element-1a1af641 elementor-widget elementor-widget-text-editor\" data-id=\"1a1af641\" data-element_type=\"widget\" data-e-type=\"widget\" data-widget_type=\"text-editor.default\">\n\t\t\t\t<div class=\"elementor-widget-container\">\n\t\t\t\t\t\t\t\t\t<p>Nos destacamos da concorr\u00eancia colocando nossos clientes em primeiro lugar, fornecendo produtos e servi\u00e7os de alta qualidade. Escolha-nos para fazer um or\u00e7amento sem compromisso, temos uma equipe especializada, as mais recentes tecnologias e t\u00e9cnicas para te ajudar.<\/p>\t\t\t\t\t\t\t\t<\/div>\n\t\t\t\t<\/div>\n\t\t\t\t<div class=\"elementor-element elementor-element-328ef764 elementor-position-left elementor-vertical-align-middle elementor-widget elementor-widget-image-box\" data-id=\"328ef764\" data-element_type=\"widget\" data-e-type=\"widget\" data-widget_type=\"image-box.default\">\n\t\t\t\t<div class=\"elementor-widget-container\">\n\t\t\t\t\t<div class=\"elementor-image-box-wrapper\"><figure class=\"elementor-image-box-img\"><img decoding=\"async\" width=\"71\" height=\"71\" src=\"https:\/\/iracheriguerobadiola.com\/wp-content\/uploads\/2023\/06\/Sin-titulo-1-02.png\" class=\"elementor-animation-grow attachment-full size-full wp-image-501\" alt=\"\" \/><\/figure><div class=\"elementor-image-box-content\"><h4 class=\"elementor-image-box-title\">Produtos de alta qualidade<\/h4><p class=\"elementor-image-box-description\">Oferecemos produtos de limpeza de alta qualidade para manter espa\u00e7os limpos, oeganizados e livres de impurezas.<\/p><\/div><\/div>\t\t\t\t<\/div>\n\t\t\t\t<\/div>\n\t\t\t\t<div class=\"elementor-element elementor-element-3aba332e elementor-position-left elementor-vertical-align-middle elementor-widget elementor-widget-image-box\" data-id=\"3aba332e\" data-element_type=\"widget\" data-e-type=\"widget\" data-widget_type=\"image-box.default\">\n\t\t\t\t<div class=\"elementor-widget-container\">\n\t\t\t\t\t<div class=\"elementor-image-box-wrapper\"><figure class=\"elementor-image-box-img\"><img decoding=\"async\" width=\"71\" height=\"71\" src=\"https:\/\/iracheriguerobadiola.com\/wp-content\/uploads\/2023\/06\/Sin-titulo-1-03.png\" class=\"elementor-animation-grow attachment-full size-full wp-image-502\" alt=\"\" \/><\/figure><div class=\"elementor-image-box-content\"><h4 class=\"elementor-image-box-title\">Rent\u00e1vel<\/h4><p class=\"elementor-image-box-description\">Encontre solu\u00e7\u00f5es de limpeza acess\u00edveis e de qualidade pesquisando e selecionando aquelas que oferecem poder de limpeza confi\u00e1vel e um \u00f3timo custo-benef\u00edcio.<\/p><\/div><\/div>\t\t\t\t<\/div>\n\t\t\t\t<\/div>\n\t\t\t\t<div class=\"elementor-element elementor-element-6dc1aab7 elementor-position-left elementor-vertical-align-middle elementor-widget elementor-widget-image-box\" data-id=\"6dc1aab7\" data-element_type=\"widget\" data-e-type=\"widget\" data-widget_type=\"image-box.default\">\n\t\t\t\t<div class=\"elementor-widget-container\">\n\t\t\t\t\t<div class=\"elementor-image-box-wrapper\"><figure class=\"elementor-image-box-img\"><img decoding=\"async\" width=\"71\" height=\"71\" src=\"https:\/\/iracheriguerobadiola.com\/wp-content\/uploads\/2023\/06\/Sin-titulo-1-04.png\" class=\"elementor-animation-grow attachment-full size-full wp-image-503\" alt=\"\" \/><\/figure><div class=\"elementor-image-box-content\"><h4 class=\"elementor-image-box-title\">100% Satisfeito<\/h4><p class=\"elementor-image-box-description\">\"Garantimos a satisfa\u00e7\u00e3o do cliente com uma equipa profissional e servi\u00e7os adaptados \u00e0s necessidades e hor\u00e1rios, respeitando as medidas de seguran\u00e7a para um ambiente saud\u00e1vel.\"<\/p><\/div><\/div>\t\t\t\t<\/div>\n\t\t\t\t<\/div>\n\t\t\t\t\t<\/div>\n\t\t<\/div>\n\t\t\t\t<div class=\"elementor-column elementor-col-50 elementor-top-column elementor-element elementor-element-4d490bc5\" data-id=\"4d490bc5\" data-element_type=\"column\" data-e-type=\"column\" data-settings=\"{&quot;background_background&quot;:&quot;classic&quot;}\">\n\t\t\t<div class=\"elementor-widget-wrap elementor-element-populated\">\n\t\t\t\t\t\t<div class=\"elementor-element elementor-element-6cd04cb8 elementor-widget elementor-widget-image\" data-id=\"6cd04cb8\" data-element_type=\"widget\" data-e-type=\"widget\" data-widget_type=\"image.default\">\n\t\t\t\t<div class=\"elementor-widget-container\">\n\t\t\t\t\t\t\t\t\t\t\t\t\t\t\t<img decoding=\"async\" src=\"https:\/\/iracheriguerobadiola.com\/wp-content\/uploads\/elementor\/thumbs\/img_choose_homeClean-TR74J4A-q8vh0rl3nhiii7xlz49lzpcbct102uapruydvrcgn8.jpg\" title=\"img_choose_homeClean-TR74J4A.jpg\" alt=\"img_choose_homeClean-TR74J4A.jpg\" class=\"elementor-animation-grow\" loading=\"lazy\" \/>\t\t\t\t\t\t\t\t\t\t\t\t\t\t\t<\/div>\n\t\t\t\t<\/div>\n\t\t\t\t\t<\/div>\n\t\t<\/div>\n\t\t\t\t\t<\/div>\n\t\t<\/section>\n\t\t\t\t<section class=\"elementor-section elementor-top-section elementor-element elementor-element-1a935980 elementor-section-boxed elementor-section-height-default elementor-section-height-default\" data-id=\"1a935980\" data-element_type=\"section\" data-e-type=\"section\" data-settings=\"{&quot;background_background&quot;:&quot;classic&quot;}\">\n\t\t\t\t\t\t<div class=\"elementor-container elementor-column-gap-extended\">\n\t\t\t\t\t<div class=\"elementor-column elementor-col-100 elementor-top-column elementor-element elementor-element-2428167d\" data-id=\"2428167d\" data-element_type=\"column\" data-e-type=\"column\">\n\t\t\t<div class=\"elementor-widget-wrap elementor-element-populated\">\n\t\t\t\t\t\t<div class=\"elementor-element elementor-element-693e84e0 elementor-widget elementor-widget-heading\" data-id=\"693e84e0\" data-element_type=\"widget\" data-e-type=\"widget\" data-widget_type=\"heading.default\">\n\t\t\t\t<div class=\"elementor-widget-container\">\n\t\t\t\t\t<h1 class=\"elementor-heading-title elementor-size-default\">Alguns de nossos projetos\n<\/h1>\t\t\t\t<\/div>\n\t\t\t\t<\/div>\n\t\t\t\t\t<\/div>\n\t\t<\/div>\n\t\t\t\t\t<\/div>\n\t\t<\/section>\n\t\t\t\t<section class=\"elementor-section elementor-top-section elementor-element elementor-element-4a3e42c0 elementor-section-full_width elementor-section-height-default elementor-section-height-default\" data-id=\"4a3e42c0\" data-element_type=\"section\" data-e-type=\"section\">\n\t\t\t\t\t\t<div class=\"elementor-container elementor-column-gap-default\">\n\t\t\t\t\t<div class=\"elementor-column elementor-col-20 elementor-top-column elementor-element elementor-element-54b33875\" data-id=\"54b33875\" data-element_type=\"column\" data-e-type=\"column\">\n\t\t\t<div class=\"elementor-widget-wrap\">\n\t\t\t\t\t\t\t<\/div>\n\t\t<\/div>\n\t\t\t\t<div class=\"elementor-column elementor-col-20 elementor-top-column elementor-element elementor-element-729c77cd\" data-id=\"729c77cd\" data-element_type=\"column\" data-e-type=\"column\">\n\t\t\t<div class=\"elementor-widget-wrap\">\n\t\t\t\t\t\t\t<\/div>\n\t\t<\/div>\n\t\t\t\t<div class=\"elementor-column elementor-col-20 elementor-top-column elementor-element elementor-element-30b617d elementor-hidden-tablet\" data-id=\"30b617d\" data-element_type=\"column\" data-e-type=\"column\">\n\t\t\t<div class=\"elementor-widget-wrap\">\n\t\t\t\t\t\t\t<\/div>\n\t\t<\/div>\n\t\t\t\t<div class=\"elementor-column elementor-col-20 elementor-top-column elementor-element elementor-element-63d471e3\" data-id=\"63d471e3\" data-element_type=\"column\" data-e-type=\"column\">\n\t\t\t<div class=\"elementor-widget-wrap\">\n\t\t\t\t\t\t\t<\/div>\n\t\t<\/div>\n\t\t\t\t<div class=\"elementor-column elementor-col-20 elementor-top-column elementor-element elementor-element-f51b9d4\" data-id=\"f51b9d4\" data-element_type=\"column\" data-e-type=\"column\">\n\t\t\t<div class=\"elementor-widget-wrap\">\n\t\t\t\t\t\t\t<\/div>\n\t\t<\/div>\n\t\t\t\t\t<\/div>\n\t\t<\/section>\n\t\t\t\t<\/div>","protected":false},"excerpt":{"rendered":"<p>SOLUCIONES PARA SUS NECESIDADES Por qu\u00e9 elegirnos Destacamos de la competencia al priorizar a nuestros clientes, brindar productos y servicios de alta calidad. Eligenos para tomar una decisi\u00f3n informada, tenemos un equipo expertos, las \u00faltimas tecnolog\u00edas y t\u00e9cnicas para ayudarte. Productos de alta calidad Ofrecemos productos de limpieza de alta calidad para mantener espacios limpios, [&hellip;]<\/p>\n","protected":false},"author":1,"featured_media":0,"parent":0,"menu_order":0,"comment_status":"closed","ping_status":"closed","template":"elementor_canvas","meta":{"footnotes":""},"class_list":["post-2","page","type-page","status-publish","hentry"],"yoast_head":"<!-- This site is optimized with the Yoast SEO plugin v27.5 - https:\/\/yoast.com\/product\/yoast-seo-wordpress\/ -->\n<title>Inicio - Irache Riguero Badiola<\/title>\n<meta name=\"robots\" content=\"index, follow, max-snippet:-1, max-image-preview:large, max-video-preview:-1\" \/>\n<link rel=\"canonical\" href=\"https:\/\/iracheriguerobadiola.com\/pt\/\" \/>\n<meta property=\"og:locale\" content=\"pt_PT\" \/>\n<meta property=\"og:type\" content=\"article\" \/>\n<meta property=\"og:title\" content=\"Inicio - Irache Riguero Badiola\" \/>\n<meta property=\"og:description\" content=\"SOLUCIONES PARA SUS NECESIDADES Por qu\u00e9 elegirnos Destacamos de la competencia al priorizar a nuestros clientes, brindar productos y servicios de alta calidad. Eligenos para tomar una decisi\u00f3n informada, tenemos un equipo expertos, las \u00faltimas tecnolog\u00edas y t\u00e9cnicas para ayudarte. Productos de alta calidad Ofrecemos productos de limpieza de alta calidad para mantener espacios limpios, [&hellip;]\" \/>\n<meta property=\"og:url\" content=\"https:\/\/iracheriguerobadiola.com\/pt\/\" \/>\n<meta property=\"og:site_name\" content=\"Irache Riguero Badiola\" \/>\n<meta property=\"article:modified_time\" content=\"2024-08-19T14:33:38+00:00\" \/>\n<meta property=\"og:image\" content=\"https:\/\/iracheriguerobadiola.com\/wp-content\/uploads\/2023\/06\/Sin-titulo-1-02.png\" \/>\n<meta name=\"twitter:card\" content=\"summary_large_image\" \/>\n<meta name=\"twitter:label1\" content=\"Tempo estimado de leitura\" \/>\n\t<meta name=\"twitter:data1\" content=\"2 minutos\" \/>\n<script type=\"application\/ld+json\" class=\"yoast-schema-graph\">{\"@context\":\"https:\\\/\\\/schema.org\",\"@graph\":[{\"@type\":\"WebPage\",\"@id\":\"https:\\\/\\\/iracheriguerobadiola.com\\\/\",\"url\":\"https:\\\/\\\/iracheriguerobadiola.com\\\/\",\"name\":\"Inicio - Irache Riguero Badiola\",\"isPartOf\":{\"@id\":\"https:\\\/\\\/iracheriguerobadiola.com\\\/#website\"},\"primaryImageOfPage\":{\"@id\":\"https:\\\/\\\/iracheriguerobadiola.com\\\/#primaryimage\"},\"image\":{\"@id\":\"https:\\\/\\\/iracheriguerobadiola.com\\\/#primaryimage\"},\"thumbnailUrl\":\"https:\\\/\\\/iracheriguerobadiola.com\\\/wp-content\\\/uploads\\\/2023\\\/06\\\/Sin-titulo-1-02.png\",\"datePublished\":\"2023-06-26T15:44:06+00:00\",\"dateModified\":\"2024-08-19T14:33:38+00:00\",\"breadcrumb\":{\"@id\":\"https:\\\/\\\/iracheriguerobadiola.com\\\/#breadcrumb\"},\"inLanguage\":\"pt-PT\",\"potentialAction\":[{\"@type\":\"ReadAction\",\"target\":[\"https:\\\/\\\/iracheriguerobadiola.com\\\/\"]}]},{\"@type\":\"ImageObject\",\"inLanguage\":\"pt-PT\",\"@id\":\"https:\\\/\\\/iracheriguerobadiola.com\\\/#primaryimage\",\"url\":\"https:\\\/\\\/iracheriguerobadiola.com\\\/wp-content\\\/uploads\\\/2023\\\/06\\\/Sin-titulo-1-02.png\",\"contentUrl\":\"https:\\\/\\\/iracheriguerobadiola.com\\\/wp-content\\\/uploads\\\/2023\\\/06\\\/Sin-titulo-1-02.png\"},{\"@type\":\"BreadcrumbList\",\"@id\":\"https:\\\/\\\/iracheriguerobadiola.com\\\/#breadcrumb\",\"itemListElement\":[{\"@type\":\"ListItem\",\"position\":1,\"name\":\"Portada\",\"item\":\"https:\\\/\\\/iracheriguerobadiola.com\\\/\"},{\"@type\":\"ListItem\",\"position\":2,\"name\":\"Inicio\"}]},{\"@type\":\"WebSite\",\"@id\":\"https:\\\/\\\/iracheriguerobadiola.com\\\/#website\",\"url\":\"https:\\\/\\\/iracheriguerobadiola.com\\\/\",\"name\":\"Irache Riguero Badiola\",\"description\":\"Limpieza a domicilio\",\"publisher\":{\"@id\":\"https:\\\/\\\/iracheriguerobadiola.com\\\/#organization\"},\"potentialAction\":[{\"@type\":\"SearchAction\",\"target\":{\"@type\":\"EntryPoint\",\"urlTemplate\":\"https:\\\/\\\/iracheriguerobadiola.com\\\/?s={search_term_string}\"},\"query-input\":{\"@type\":\"PropertyValueSpecification\",\"valueRequired\":true,\"valueName\":\"search_term_string\"}}],\"inLanguage\":\"pt-PT\"},{\"@type\":\"Organization\",\"@id\":\"https:\\\/\\\/iracheriguerobadiola.com\\\/#organization\",\"name\":\"Irache Riguero Badiola\",\"url\":\"https:\\\/\\\/iracheriguerobadiola.com\\\/\",\"logo\":{\"@type\":\"ImageObject\",\"inLanguage\":\"pt-PT\",\"@id\":\"https:\\\/\\\/iracheriguerobadiola.com\\\/#\\\/schema\\\/logo\\\/image\\\/\",\"url\":\"https:\\\/\\\/iracheriguerobadiola.com\\\/wp-content\\\/uploads\\\/2023\\\/06\\\/cropped-Sin-titulo-2-03.jpg\",\"contentUrl\":\"https:\\\/\\\/iracheriguerobadiola.com\\\/wp-content\\\/uploads\\\/2023\\\/06\\\/cropped-Sin-titulo-2-03.jpg\",\"width\":1919,\"height\":953,\"caption\":\"Irache Riguero Badiola\"},\"image\":{\"@id\":\"https:\\\/\\\/iracheriguerobadiola.com\\\/#\\\/schema\\\/logo\\\/image\\\/\"}}]}<\/script>\n<!-- \/ Yoast SEO plugin. -->","yoast_head_json":{"title":"Inicio - Irache Riguero Badiola","robots":{"index":"index","follow":"follow","max-snippet":"max-snippet:-1","max-image-preview":"max-image-preview:large","max-video-preview":"max-video-preview:-1"},"canonical":"https:\/\/iracheriguerobadiola.com\/pt\/","og_locale":"pt_PT","og_type":"article","og_title":"Inicio - Irache Riguero Badiola","og_description":"SOLUCIONES PARA SUS NECESIDADES Por qu\u00e9 elegirnos Destacamos de la competencia al priorizar a nuestros clientes, brindar productos y servicios de alta calidad. Eligenos para tomar una decisi\u00f3n informada, tenemos un equipo expertos, las \u00faltimas tecnolog\u00edas y t\u00e9cnicas para ayudarte. Productos de alta calidad Ofrecemos productos de limpieza de alta calidad para mantener espacios limpios, [&hellip;]","og_url":"https:\/\/iracheriguerobadiola.com\/pt\/","og_site_name":"Irache Riguero Badiola","article_modified_time":"2024-08-19T14:33:38+00:00","og_image":[{"url":"https:\/\/iracheriguerobadiola.com\/wp-content\/uploads\/2023\/06\/Sin-titulo-1-02.png","type":"","width":"","height":""}],"twitter_card":"summary_large_image","twitter_misc":{"Tempo estimado de leitura":"2 minutos"},"schema":{"@context":"https:\/\/schema.org","@graph":[{"@type":"WebPage","@id":"https:\/\/iracheriguerobadiola.com\/","url":"https:\/\/iracheriguerobadiola.com\/","name":"Inicio - Irache Riguero Badiola","isPartOf":{"@id":"https:\/\/iracheriguerobadiola.com\/#website"},"primaryImageOfPage":{"@id":"https:\/\/iracheriguerobadiola.com\/#primaryimage"},"image":{"@id":"https:\/\/iracheriguerobadiola.com\/#primaryimage"},"thumbnailUrl":"https:\/\/iracheriguerobadiola.com\/wp-content\/uploads\/2023\/06\/Sin-titulo-1-02.png","datePublished":"2023-06-26T15:44:06+00:00","dateModified":"2024-08-19T14:33:38+00:00","breadcrumb":{"@id":"https:\/\/iracheriguerobadiola.com\/#breadcrumb"},"inLanguage":"pt-PT","potentialAction":[{"@type":"ReadAction","target":["https:\/\/iracheriguerobadiola.com\/"]}]},{"@type":"ImageObject","inLanguage":"pt-PT","@id":"https:\/\/iracheriguerobadiola.com\/#primaryimage","url":"https:\/\/iracheriguerobadiola.com\/wp-content\/uploads\/2023\/06\/Sin-titulo-1-02.png","contentUrl":"https:\/\/iracheriguerobadiola.com\/wp-content\/uploads\/2023\/06\/Sin-titulo-1-02.png"},{"@type":"BreadcrumbList","@id":"https:\/\/iracheriguerobadiola.com\/#breadcrumb","itemListElement":[{"@type":"ListItem","position":1,"name":"Portada","item":"https:\/\/iracheriguerobadiola.com\/"},{"@type":"ListItem","position":2,"name":"Inicio"}]},{"@type":"WebSite","@id":"https:\/\/iracheriguerobadiola.com\/#website","url":"https:\/\/iracheriguerobadiola.com\/","name":"Irache Riguero Badiola","description":"Limpeza \u00e0 domic\u00edlio","publisher":{"@id":"https:\/\/iracheriguerobadiola.com\/#organization"},"potentialAction":[{"@type":"SearchAction","target":{"@type":"EntryPoint","urlTemplate":"https:\/\/iracheriguerobadiola.com\/?s={search_term_string}"},"query-input":{"@type":"PropertyValueSpecification","valueRequired":true,"valueName":"search_term_string"}}],"inLanguage":"pt-PT"},{"@type":"Organization","@id":"https:\/\/iracheriguerobadiola.com\/#organization","name":"Irache Riguero Badiola","url":"https:\/\/iracheriguerobadiola.com\/","logo":{"@type":"ImageObject","inLanguage":"pt-PT","@id":"https:\/\/iracheriguerobadiola.com\/#\/schema\/logo\/image\/","url":"https:\/\/iracheriguerobadiola.com\/wp-content\/uploads\/2023\/06\/cropped-Sin-titulo-2-03.jpg","contentUrl":"https:\/\/iracheriguerobadiola.com\/wp-content\/uploads\/2023\/06\/cropped-Sin-titulo-2-03.jpg","width":1919,"height":953,"caption":"Irache Riguero Badiola"},"image":{"@id":"https:\/\/iracheriguerobadiola.com\/#\/schema\/logo\/image\/"}}]}},"_links":{"self":[{"href":"https:\/\/iracheriguerobadiola.com\/pt\/wp-json\/wp\/v2\/pages\/2","targetHints":{"allow":["GET"]}}],"collection":[{"href":"https:\/\/iracheriguerobadiola.com\/pt\/wp-json\/wp\/v2\/pages"}],"about":[{"href":"https:\/\/iracheriguerobadiola.com\/pt\/wp-json\/wp\/v2\/types\/page"}],"author":[{"embeddable":true,"href":"https:\/\/iracheriguerobadiola.com\/pt\/wp-json\/wp\/v2\/users\/1"}],"replies":[{"embeddable":true,"href":"https:\/\/iracheriguerobadiola.com\/pt\/wp-json\/wp\/v2\/comments?post=2"}],"version-history":[{"count":211,"href":"https:\/\/iracheriguerobadiola.com\/pt\/wp-json\/wp\/v2\/pages\/2\/revisions"}],"predecessor-version":[{"id":975,"href":"https:\/\/iracheriguerobadiola.com\/pt\/wp-json\/wp\/v2\/pages\/2\/revisions\/975"}],"wp:attachment":[{"href":"https:\/\/iracheriguerobadiola.com\/pt\/wp-json\/wp\/v2\/media?parent=2"}],"curies":[{"name":"wp","href":"https:\/\/api.w.org\/{rel}","templated":true}]}}